{"id":1559,"date":"2019-07-14T11:45:25","date_gmt":"2019-07-14T11:45:25","guid":{"rendered":"https:\/\/testumgebung.mosaic-tourism.com\/aktuelles\/unsere-mosaic-news\/"},"modified":"2026-03-27T10:53:44","modified_gmt":"2026-03-27T09:53:44","slug":"unsere-mosaic-news","status":"publish","type":"page","link":"https:\/\/mosaic-tourism.com\/en\/aktuelles\/unsere-mosaic-news\/","title":{"rendered":"Our Mosaic News"},"content":{"rendered":"<h1>\n\t\t\tNews\t<\/h1>\n<h3>\n\t\t\tOur new additions\t<\/h3>\n\t\t\t<img decoding=\"async\" loading=\"false\" src=\"https:\/\/mosaic-tourism.com\/wp-content\/uploads\/header-bg-laposch.jpg\" alt=\"\" \/>\t\t\t\n\t\t\t\t<h2>LaPosch \u2013 Living Lands, Austria<\/h2><p><strong>Hei\u00dft ab April 2026 das LaPosch &#8211; Living Lands herzlich willkommen bei MOSAIC! Das Garten Boutique-Resort in Tirol (\u00d6sterreich) ist ein Ort, an dem \u201estiller Luxus&#8221; und Bodenst\u00e4ndigkeit aufeinandertreffen.<\/strong><\/p>\n\t\t\t<a href=\"https:\/\/mosaic-tourism.com\/en\/portfolio\/laposch-living-lands\/\" target=\"_blank\" rel=\"noopener\">\n\t\t\t\t\t\t\tfind out more\n\t\t\t\t\t<\/a>\n\t\t\t<img decoding=\"async\" loading=\"false\" src=\"https:\/\/mosaic-tourism.com\/wp-content\/uploads\/coquillade-15.jpg\" alt=\"\" \/>\t\t\t\n\t\t\t\t<h2>Coquillade Provence, France<\/h2><p><strong>We are delighted to welcome a brand-new 5-star property in France to our European portfolio. A warm welcome to Coquillade Provence!<\/strong><\/p>\n\t\t\t<a href=\"https:\/\/mosaic-tourism.com\/en\/portfolio\/coquillade\/\" target=\"_blank\" rel=\"noopener\">\n\t\t\t\t\t\t\tfind out more\n\t\t\t\t\t<\/a>\n\t\t\t<img decoding=\"async\" loading=\"false\" src=\"https:\/\/mosaic-tourism.com\/wp-content\/uploads\/shanti-maurice-5.jpg\" alt=\"\" \/>\t\t\t\n\t\t\t\t<h2>Shanti Maurice Resort &#038; Spa, Mauritius<\/h2><p><strong>Another resort is joining our portfolio. From December 2025, the Shanti Maurice Resort &amp; Spa in Mauritius will be part of our MOSAIC family!<\/strong><\/p>\n\t\t\t<a href=\"https:\/\/mosaic-tourism.com\/en\/portfolio\/shanti-maurice-resort-spa\/\" target=\"_blank\" rel=\"noopener\">\n\t\t\t\t\t\t\tfind out more\n\t\t\t\t\t<\/a>\n\t\t\t<img decoding=\"async\" loading=\"false\" src=\"https:\/\/mosaic-tourism.com\/wp-content\/uploads\/header-bg-therasia.jpg\" alt=\"\" \/>\t\t\t\n\t\t\t\t<h2>Polito Collection, Italy<\/h2><p><strong>From November 2025, we will be welcoming the Polito family\u2019s hotels and resorts from Italy! A total of four properties on the islands of Ischia and Vulcano will be joining our diverse portfolio!<\/strong><\/p>\n\t\t\t<a href=\"https:\/\/mosaic-tourism.com\/en\/portfolio\/polito-collection\/\" target=\"_blank\" rel=\"noopener\">\n\t\t\t\t\t\t\tfind out more\n\t\t\t\t\t<\/a>\n\t\t\t<img decoding=\"async\" loading=\"false\" src=\"https:\/\/mosaic-tourism.com\/wp-content\/uploads\/wald.weit-5.jpg\" alt=\"\" \/>\t\t\t\n\t\t\t\t<h2>WALD.WEIT, Germany<\/h2><p><strong>In July 2025, WALD.WEIT joined us! A place of power with a vision!<\/strong><\/p>\n\t\t\t<a href=\"https:\/\/mosaic-tourism.com\/en\/portfolio\/wald-weit-rheingau-hotel-retreat\/\" target=\"_blank\" rel=\"noopener\">\n\t\t\t\t\t\t\tfind out more\n\t\t\t\t\t<\/a>\n\t\t\t\t<a href=\"#\" aria-label=\"previous\" role=\"button\">\n<\/a>\n\t\t\t\t<a href=\"#\" aria-label=\"next\" role=\"button\">\n<\/a>\n<h3>\n\t\t\tHotel Partner updates\t<\/h3>\n\t\t\t<img decoding=\"async\" loading=\"false\" src=\"https:\/\/mosaic-tourism.com\/wp-content\/uploads\/South-America-Ecuador-Galapagos-Galapagos-Explorer-render-yacht-side-scaled.jpg\" alt=\"\" \/>\t\t\t\n\t\t\t\t<h2>andBeyond South America<\/h2><p><strong>Ganz NEU k\u00f6nnen G\u00e4ste nun mit der Expeditions Yacht &#8220;Galapagos Explorer&#8221; Abenteur zu den Galapagos Inseln in Ecuador unternehmen! Ab 2026 wird als Pondant dazu der &#8220;Amazon Explorer&#8221; Flusskreuzfahrten auf dem Amazonas in Peru anbieten.\u00a0<\/strong><\/p>\n\t\t\t<a href=\"https:\/\/mosaic-tourism.com\/en\/portfolio\/andbeyond\/andbeyondsuedamerika\/\" target=\"_blank\" rel=\"noopener\">\n\t\t\t\t\t\t\tfind out more\n\t\t\t\t\t<\/a>\n\t\t\t<img decoding=\"async\" loading=\"false\" src=\"https:\/\/mosaic-tourism.com\/wp-content\/uploads\/porto-elounda-2.jpeg\" alt=\"\" \/>\t\t\t\n\t\t\t\t<h2>Elounda Collection<\/h2><p><strong>Fresh for the new season, the new Premium Suites at Porto Elounda Golf &amp; Spa Resort are available to guests<\/strong><\/p>\n\t\t\t<a href=\"https:\/\/mosaic-tourism.com\/en\/portfolio\/elounda-hotels\/porto-elounda\/\" target=\"_blank\" rel=\"noopener\">\n\t\t\t\t\t\t\tfind out more\n\t\t\t\t\t<\/a>\n\t\t\t<img decoding=\"async\" loading=\"false\" src=\"https:\/\/mosaic-tourism.com\/wp-content\/uploads\/drz-deos_5442-1920x1920.jpg\" alt=\"\" \/>\t\t\t\n\t\t\t\t<h2>Myconian Collection<\/h2><p><strong>Join us in welcoming three new properties to the Myconian Collection: Myconian Deos near Mykonos Town, Myconian Sunrise on Agrari Beach and Kove Mykonos on Ornos Beach!<\/strong><\/p>\n\t\t\t<a href=\"https:\/\/mosaic-tourism.com\/en\/portfolio\/myconian\/deos\/\" target=\"_blank\" rel=\"noopener\">\n\t\t\t\t\t\t\tfind out more\n\t\t\t\t\t<\/a>\n\t\t\t<img decoding=\"async\" loading=\"false\" src=\"https:\/\/mosaic-tourism.com\/wp-content\/uploads\/header-bg-elix.jpg\" alt=\"\" \/>\t\t\t\n\t\t\t\t<h2>Mar-Bella Collection<\/h2><strong>The Mar-Bella Collection completed a number of renovations and refurbishments in 2025. In addition, the fourth property in the Collection opened in mid-2025: Avali!<br \/>\n<\/strong>\n\t\t\t<a href=\"https:\/\/www.marbella.gr\/\" target=\"_blank\" rel=\"noopener\">\n\t\t\t\t\t\t\tfind out more\n\t\t\t\t\t<\/a>\n\t\t\t\t<a href=\"#\" aria-label=\"previous\" role=\"button\">\n<\/a>\n\t\t\t\t<a href=\"#\" aria-label=\"next\" role=\"button\">\n<\/a>","protected":false},"excerpt":{"rendered":"<p>News Unsere Neuzug\u00e4nge LaPosch &#8211; Living Lands, \u00d6sterreich Hei\u00dft ab April 2026 das LaPosch &#8211; Living Lands herzlich willkommen bei MOSAIC! Das Garten Boutique-Resort in Tirol (\u00d6sterreich) ist ein Ort, an dem \u201estiller Luxus&#8221; und Bodenst\u00e4ndigkeit aufeinandertreffen. mehr erfahren Coquillade Provence, Frankreich Ganz neu gesellt sich ein 5-Sterne Haus in Frankreich zu unserem Europa Portfolio.&hellip;<\/p>","protected":false},"author":4,"featured_media":0,"parent":1555,"menu_order":96,"comment_status":"closed","ping_status":"closed","template":"","meta":{"pgc_sgb_lightbox_settings":"","footnotes":""},"class_list":["post-1559","page","type-page","status-publish","hentry"],"aioseo_notices":[],"_links":{"self":[{"href":"https:\/\/mosaic-tourism.com\/en\/wp-json\/wp\/v2\/pages\/1559","targetHints":{"allow":["GET"]}}],"collection":[{"href":"https:\/\/mosaic-tourism.com\/en\/wp-json\/wp\/v2\/pages"}],"about":[{"href":"https:\/\/mosaic-tourism.com\/en\/wp-json\/wp\/v2\/types\/page"}],"author":[{"embeddable":true,"href":"https:\/\/mosaic-tourism.com\/en\/wp-json\/wp\/v2\/users\/4"}],"replies":[{"embeddable":true,"href":"https:\/\/mosaic-tourism.com\/en\/wp-json\/wp\/v2\/comments?post=1559"}],"version-history":[{"count":11,"href":"https:\/\/mosaic-tourism.com\/en\/wp-json\/wp\/v2\/pages\/1559\/revisions"}],"predecessor-version":[{"id":18514,"href":"https:\/\/mosaic-tourism.com\/en\/wp-json\/wp\/v2\/pages\/1559\/revisions\/18514"}],"up":[{"embeddable":true,"href":"https:\/\/mosaic-tourism.com\/en\/wp-json\/wp\/v2\/pages\/1555"}],"wp:attachment":[{"href":"https:\/\/mosaic-tourism.com\/en\/wp-json\/wp\/v2\/media?parent=1559"}],"curies":[{"name":"wp","href":"https:\/\/api.w.org\/{rel}","templated":true}]}}